{"id":2770,"date":"2016-08-11T10:21:50","date_gmt":"2016-08-11T10:21:50","guid":{"rendered":"http:\/\/oberon.edge-themes.com\/?page_id=2770"},"modified":"2021-11-04T08:59:31","modified_gmt":"2021-11-04T08:59:31","slug":"contacte","status":"publish","type":"page","link":"https:\/\/www.framunretols.com\/ca\/contacte\/","title":{"rendered":"Contacte"},"content":{"rendered":"<p>[vc_row content_width=&#8221;grid&#8221; css=&#8221;.vc_custom_1484823473774{padding-top: 130px !important;padding-bottom: 60px !important;}&#8221;][vc_column offset=&#8221;vc_col-lg-6 vc_col-md-12&#8243;][vc_column_text]<\/p>\n<h2>Framun R\u00e8tols, Manresa<\/h2>\n<p>[\/vc_column_text]<div class=\"edgtf-separator-holder clearfix  edgtf-separator-left\">\n\t<div class=\"edgtf-separator\" style=\"width: 24px;margin-top: 15px;margin-bottom: 20px\"><\/div>\n<\/div>\n[vc_column_text]<\/p>\n<h5>Si tens qualsevol dubte omple aquest formulari i et respondrem el m\u00e9s aviat possible.<\/h5>\n<p>[\/vc_column_text][vc_empty_space height=&#8221;25px&#8221;][vc_column_text]<a href=\"https:\/\/www.google.com\/maps\/dir\/\/framun+retols\/data=!4m6!4m5!1m1!4e2!1m2!1m1!1s0x12a458733ecb7fad:0x2a1453379d668a03?sa=X&amp;ved=2ahUKEwi-yYGRlJXyAhUEjaQKHWBtAoIQ9RcwHHoECF8QBQ\" target=\"_blank\" rel=\"noopener noreferrer\">Ctra. de Vic 325<br \/>\n08243 Manresa (Barcelona)<\/a><br \/>\n&#8211;<br \/>\nTel. <a href=\"tel:+34938735142\">93 873 51 42<\/a><br \/>\nMail <a href=\"mailto:framunretols@framun.com\">framunretols@framun.com<\/a><br \/>\nFax 93 874 15 59<br \/>\nInstagram <a href=\"https:\/\/www.instagram.com\/framunretols\/\" target=\"_blank\" rel=\"noopener noreferrer\">@framunretols<\/a><br \/>\nFacebook <a href=\"https:\/\/www.facebook.com\/framunretols\/\" target=\"_blank\" rel=\"noopener noreferrer\">@framunretols<\/a><br \/>\nLinkedin <a href=\"https:\/\/www.linkedin.com\/company\/framun-techno\/\" target=\"_blank\" rel=\"noopener noreferrer\">@framunretols<\/a>[\/vc_column_text][vc_empty_space height=&#8221;40px&#8221;][\/vc_column][vc_column offset=&#8221;vc_col-lg-6 vc_col-md-12&#8243;][vc_empty_space height=&#8221;7px&#8221;]\n<div class=\"wpcf7 no-js\" id=\"wpcf7-f5835-o1\" lang=\"ca\" dir=\"ltr\" data-wpcf7-id=\"5835\">\n<div class=\"screen-reader-response\"><p role=\"status\" aria-live=\"polite\" aria-atomic=\"true\"><\/p> <ul><\/ul><\/div>\n<form action=\"\/ca\/wp-json\/wp\/v2\/pages\/2770#wpcf7-f5835-o1\" method=\"post\" class=\"wpcf7-form init cf7_custom_style_1\" aria-label=\"Formulari de contacte\" novalidate=\"novalidate\" data-status=\"init\">\n<fieldset class=\"hidden-fields-container\"><input type=\"hidden\" name=\"_wpcf7\" value=\"5835\" \/><input type=\"hidden\" name=\"_wpcf7_version\" value=\"6.1.5\" \/><input type=\"hidden\" name=\"_wpcf7_locale\" value=\"ca\" \/><input type=\"hidden\" name=\"_wpcf7_unit_tag\" value=\"wpcf7-f5835-o1\" \/><input type=\"hidden\" name=\"_wpcf7_container_post\" value=\"0\" \/><input type=\"hidden\" name=\"_wpcf7_posted_data_hash\" value=\"\" \/><input type=\"hidden\" name=\"_wpcf7_recaptcha_response\" value=\"\" \/>\n<\/fieldset>\n<div class=\"edgtf-cf7-joined-bordered\">\n\t<div class=\"edgtf-two-columns-50-50\">\n\t\t<div class=\"edgtf-two-columns-50-50-inner\">\n\t\t\t<div class=\"edgtf-column\">\n\t\t\t\t<div class=\"edgtf-column-inner\">\n\t\t\t\t\t<p><span class=\"wpcf7-form-control-wrap\" data-name=\"fname\"><input size=\"40\" maxlength=\"400\" class=\"wpcf7-form-control wpcf7-text wpcf7-validates-as-required\" aria-required=\"true\" aria-invalid=\"false\" placeholder=\"Nombre\" value=\"\" type=\"text\" name=\"fname\" \/><\/span>\n\t\t\t\t\t<\/p>\n\t\t\t\t<\/div>\n\t\t\t<\/div>\n\t\t\t<div class=\"edgtf-column\">\n\t\t\t\t<div class=\"edgtf-column-inner\">\n\t\t\t\t\t<p><span class=\"wpcf7-form-control-wrap\" data-name=\"email-527\"><input size=\"40\" maxlength=\"400\" class=\"wpcf7-form-control wpcf7-email wpcf7-text wpcf7-validates-as-email\" aria-invalid=\"false\" placeholder=\"Email\" value=\"\" type=\"email\" name=\"email-527\" \/><\/span>\n\t\t\t\t\t<\/p>\n\t\t\t\t<\/div>\n\t\t\t<\/div>\n\t\t<\/div>\n\t<\/div>\n\t<p><span class=\"wpcf7-form-control-wrap\" data-name=\"textarea-766\"><textarea cols=\"40\" rows=\"10\" maxlength=\"2000\" class=\"wpcf7-form-control wpcf7-textarea\" aria-invalid=\"false\" placeholder=\"Mensaje\" name=\"textarea-766\"><\/textarea><\/span>\n\t<\/p>\n\t<p><span class=\"wpcf7-form-control-wrap\" data-name=\"acceptance-587\"><span class=\"wpcf7-form-control wpcf7-acceptance optional\"><span class=\"wpcf7-list-item\"><label><input type=\"checkbox\" name=\"acceptance-587\" value=\"1\" aria-invalid=\"false\" \/><span class=\"wpcf7-list-item-label\">En cumplimiento de lo que establece la Ley Org\u00e1nica 15\/1999, de 13 de diciembre, de Protecci\u00f3n de Datos de Car\u00e1cter Personal, y la Ley 34\/2002, de 11 de julio, de Servicios de la Sociedad de la Informaci\u00f3n y de Comercio Electr\u00f3nico, le informamos que, mediante la cumplimentaci\u00f3n de este formulario, los datos que nos facilite quedar\u00e1n incorporados y ser\u00e1n tratados en un fichero propiedad de FRAMUN, SA con el fin de poderle ofrecer los productos o servicios solicitados, as\u00ed como de mantenerle informado sobre novedades comerciales y ofertas promocionales relacionadas con esta p\u00e1gina web. Le recordamos que puede ejercer en cualquier momento los derechos de acceso, rectificaci\u00f3n, cancelaci\u00f3n y oposici\u00f3n de sus datos de car\u00e1cter personal mediante correo electr\u00f3nico dirigido a framun@framun.com o bien mediante un escrito dirigido a Ctra. de Vic 325, 08243 Manresa (Barcelona).\nHe le\u00eddo y acepto el aviso legal y la pol\u00edtica de privacidad. Consiento expresamente suscribirme a la Newsletter y que mis datos sean tratados para el env\u00edo de informaci\u00f3n que pueda ser de mi inter\u00e9s.<\/span><\/label><\/span><\/span><\/span>\n\t<\/p>\n\t<p><input class=\"wpcf7-form-control wpcf7-submit has-spinner edgtf-cf7-full-width\" type=\"submit\" value=\"Enviar\" \/>\n\t<\/p>\n<\/div><div class=\"wpcf7-response-output\" aria-hidden=\"true\"><\/div>\n<\/form>\n<\/div>\n[vc_empty_space height=&#8221;40px&#8221;][\/vc_column][\/vc_row][vc_row][vc_column]<div class=\"edgtf-google-map-holder\">\n\t<div class=\"edgtf-google-map\" id=\"edgtf-map-1446426\" data-addresses='[\"Carretera de Vic 325, 08243 Manresa (Barcelona)\"]' data-custom-map-style=true data-color-overlay=#393939 data-saturation=-100 data-lightness=20 data-zoom=15 data-pin=https:\/\/www.framunretols.com\/wp-content\/uploads\/2021\/08\/pin-map-framun.png data-unique-id=1446426 data-scroll-wheel=false data-height=554><\/div>\n\t\t\t<div class=\"edgtf-google-map-overlay\"><\/div>\n\t<\/div>\n[\/vc_column][\/vc_row]<\/p>\n","protected":false},"excerpt":{"rendered":"<p>[vc_row content_width=&#8221;grid&#8221; css=&#8221;.vc_custom_1484823473774{padding-top: 130px !important;padding-bottom: 60px !important;}&#8221;][vc_column offset=&#8221;vc_col-lg-6 vc_col-md-12&#8243;][vc_column_text] Framun R\u00e8tols, Manresa [\/vc_column_text][vc_column_text] Si tens qualsevol dubte omple aquest formulari i et respondrem el m\u00e9s aviat possible. [\/vc_column_text][vc_empty_space height=&#8221;25px&#8221;][vc_column_text]Ctra. de Vic 325 08243 Manresa (Barcelona) &#8211; Tel. 93 873 51 42 Mail framunretols@framun.com Fax 93&#8230;<\/p>\n","protected":false},"author":1,"featured_media":0,"parent":0,"menu_order":0,"comment_status":"closed","ping_status":"closed","template":"full-width.php","meta":{"footnotes":""},"class_list":["post-2770","page","type-page","status-publish","hentry"],"yoast_head":"<!-- This site is optimized with the Yoast SEO plugin v27.2 - https:\/\/yoast.com\/product\/yoast-seo-wordpress\/ -->\n<title>Contacte \u00b7 Framun R\u00e8tols \u00b7 Retolaci\u00f3, segells de goma i marcatge<\/title>\n<meta name=\"description\" content=\"Empresa especialitzada en retolaci\u00f3, segells de goma i marcatge en general, des de l\u2019any 1908 creada des de FRAMUN, S.A.\" \/>\n<meta name=\"robots\" content=\"index, follow, max-snippet:-1, max-image-preview:large, max-video-preview:-1\" \/>\n<link rel=\"canonical\" href=\"https:\/\/www.framunretols.com\/ca\/contacte\/\" \/>\n<meta property=\"og:locale\" content=\"ca_ES\" \/>\n<meta property=\"og:type\" content=\"article\" \/>\n<meta property=\"og:title\" content=\"Contacte \u00b7 Framun R\u00e8tols \u00b7 Retolaci\u00f3, segells de goma i marcatge\" \/>\n<meta property=\"og:description\" content=\"Empresa especialitzada en retolaci\u00f3, segells de goma i marcatge en general, des de l\u2019any 1908 creada des de FRAMUN, S.A.\" \/>\n<meta property=\"og:url\" content=\"https:\/\/www.framunretols.com\/ca\/contacte\/\" \/>\n<meta property=\"og:site_name\" content=\"Framun R\u00e8tols \u00b7 Retolaci\u00f3, segells de goma i marcatge\" \/>\n<meta property=\"article:modified_time\" content=\"2021-11-04T08:59:31+00:00\" \/>\n<meta name=\"twitter:card\" content=\"summary_large_image\" \/>\n<meta name=\"twitter:label1\" content=\"Temps estimat de lectura\" \/>\n\t<meta name=\"twitter:data1\" content=\"1 minut\" \/>\n<script type=\"application\/ld+json\" class=\"yoast-schema-graph\">{\"@context\":\"https:\/\/schema.org\",\"@graph\":[{\"@type\":\"WebPage\",\"@id\":\"https:\/\/www.framunretols.com\/ca\/contacte\/\",\"url\":\"https:\/\/www.framunretols.com\/ca\/contacte\/\",\"name\":\"Contacte \u00b7 Framun R\u00e8tols \u00b7 Retolaci\u00f3, segells de goma i marcatge\",\"isPartOf\":{\"@id\":\"https:\/\/www.framunretols.com\/ca\/#website\"},\"datePublished\":\"2016-08-11T10:21:50+00:00\",\"dateModified\":\"2021-11-04T08:59:31+00:00\",\"description\":\"Empresa especialitzada en retolaci\u00f3, segells de goma i marcatge en general, des de l\u2019any 1908 creada des de FRAMUN, S.A.\",\"breadcrumb\":{\"@id\":\"https:\/\/www.framunretols.com\/ca\/contacte\/#breadcrumb\"},\"inLanguage\":\"ca\",\"potentialAction\":[{\"@type\":\"ReadAction\",\"target\":[\"https:\/\/www.framunretols.com\/ca\/contacte\/\"]}]},{\"@type\":\"BreadcrumbList\",\"@id\":\"https:\/\/www.framunretols.com\/ca\/contacte\/#breadcrumb\",\"itemListElement\":[{\"@type\":\"ListItem\",\"position\":1,\"name\":\"Inici\",\"item\":\"https:\/\/www.framunretols.com\/ca\/\"},{\"@type\":\"ListItem\",\"position\":2,\"name\":\"Contacte\"}]},{\"@type\":\"WebSite\",\"@id\":\"https:\/\/www.framunretols.com\/ca\/#website\",\"url\":\"https:\/\/www.framunretols.com\/ca\/\",\"name\":\"Framun R\u00e8tols \u00b7 Retolaci\u00f3, segells de goma i marcatge\",\"description\":\"Empresa especialitzada en retolaci\u00f3, segells de goma i marcatge en general, des de l\u2019any 1908 creada des de FRAMUN, S.A.\",\"publisher\":{\"@id\":\"https:\/\/www.framunretols.com\/ca\/#organization\"},\"potentialAction\":[{\"@type\":\"SearchAction\",\"target\":{\"@type\":\"EntryPoint\",\"urlTemplate\":\"https:\/\/www.framunretols.com\/ca\/?s={search_term_string}\"},\"query-input\":{\"@type\":\"PropertyValueSpecification\",\"valueRequired\":true,\"valueName\":\"search_term_string\"}}],\"inLanguage\":\"ca\"},{\"@type\":\"Organization\",\"@id\":\"https:\/\/www.framunretols.com\/ca\/#organization\",\"name\":\"Framun R\u00e8tols \u00b7 Retolaci\u00f3, segells de goma i marcatge\",\"url\":\"https:\/\/www.framunretols.com\/ca\/\",\"logo\":{\"@type\":\"ImageObject\",\"inLanguage\":\"ca\",\"@id\":\"https:\/\/www.framunretols.com\/ca\/#\/schema\/logo\/image\/\",\"url\":\"https:\/\/www.framunretols.com\/wp-content\/uploads\/2021\/07\/logo.png\",\"contentUrl\":\"https:\/\/www.framunretols.com\/wp-content\/uploads\/2021\/07\/logo.png\",\"width\":259,\"height\":68,\"caption\":\"Framun R\u00e8tols \u00b7 Retolaci\u00f3, segells de goma i marcatge\"},\"image\":{\"@id\":\"https:\/\/www.framunretols.com\/ca\/#\/schema\/logo\/image\/\"}}]}<\/script>\n<!-- \/ Yoast SEO plugin. -->","yoast_head_json":{"title":"Contacte \u00b7 Framun R\u00e8tols \u00b7 Retolaci\u00f3, segells de goma i marcatge","description":"Empresa especialitzada en retolaci\u00f3, segells de goma i marcatge en general, des de l\u2019any 1908 creada des de FRAMUN, S.A.","robots":{"index":"index","follow":"follow","max-snippet":"max-snippet:-1","max-image-preview":"max-image-preview:large","max-video-preview":"max-video-preview:-1"},"canonical":"https:\/\/www.framunretols.com\/ca\/contacte\/","og_locale":"ca_ES","og_type":"article","og_title":"Contacte \u00b7 Framun R\u00e8tols \u00b7 Retolaci\u00f3, segells de goma i marcatge","og_description":"Empresa especialitzada en retolaci\u00f3, segells de goma i marcatge en general, des de l\u2019any 1908 creada des de FRAMUN, S.A.","og_url":"https:\/\/www.framunretols.com\/ca\/contacte\/","og_site_name":"Framun R\u00e8tols \u00b7 Retolaci\u00f3, segells de goma i marcatge","article_modified_time":"2021-11-04T08:59:31+00:00","twitter_card":"summary_large_image","twitter_misc":{"Temps estimat de lectura":"1 minut"},"schema":{"@context":"https:\/\/schema.org","@graph":[{"@type":"WebPage","@id":"https:\/\/www.framunretols.com\/ca\/contacte\/","url":"https:\/\/www.framunretols.com\/ca\/contacte\/","name":"Contacte \u00b7 Framun R\u00e8tols \u00b7 Retolaci\u00f3, segells de goma i marcatge","isPartOf":{"@id":"https:\/\/www.framunretols.com\/ca\/#website"},"datePublished":"2016-08-11T10:21:50+00:00","dateModified":"2021-11-04T08:59:31+00:00","description":"Empresa especialitzada en retolaci\u00f3, segells de goma i marcatge en general, des de l\u2019any 1908 creada des de FRAMUN, S.A.","breadcrumb":{"@id":"https:\/\/www.framunretols.com\/ca\/contacte\/#breadcrumb"},"inLanguage":"ca","potentialAction":[{"@type":"ReadAction","target":["https:\/\/www.framunretols.com\/ca\/contacte\/"]}]},{"@type":"BreadcrumbList","@id":"https:\/\/www.framunretols.com\/ca\/contacte\/#breadcrumb","itemListElement":[{"@type":"ListItem","position":1,"name":"Inici","item":"https:\/\/www.framunretols.com\/ca\/"},{"@type":"ListItem","position":2,"name":"Contacte"}]},{"@type":"WebSite","@id":"https:\/\/www.framunretols.com\/ca\/#website","url":"https:\/\/www.framunretols.com\/ca\/","name":"Framun R\u00e8tols \u00b7 Retolaci\u00f3, segells de goma i marcatge","description":"Empresa especialitzada en retolaci\u00f3, segells de goma i marcatge en general, des de l\u2019any 1908 creada des de FRAMUN, S.A.","publisher":{"@id":"https:\/\/www.framunretols.com\/ca\/#organization"},"potentialAction":[{"@type":"SearchAction","target":{"@type":"EntryPoint","urlTemplate":"https:\/\/www.framunretols.com\/ca\/?s={search_term_string}"},"query-input":{"@type":"PropertyValueSpecification","valueRequired":true,"valueName":"search_term_string"}}],"inLanguage":"ca"},{"@type":"Organization","@id":"https:\/\/www.framunretols.com\/ca\/#organization","name":"Framun R\u00e8tols \u00b7 Retolaci\u00f3, segells de goma i marcatge","url":"https:\/\/www.framunretols.com\/ca\/","logo":{"@type":"ImageObject","inLanguage":"ca","@id":"https:\/\/www.framunretols.com\/ca\/#\/schema\/logo\/image\/","url":"https:\/\/www.framunretols.com\/wp-content\/uploads\/2021\/07\/logo.png","contentUrl":"https:\/\/www.framunretols.com\/wp-content\/uploads\/2021\/07\/logo.png","width":259,"height":68,"caption":"Framun R\u00e8tols \u00b7 Retolaci\u00f3, segells de goma i marcatge"},"image":{"@id":"https:\/\/www.framunretols.com\/ca\/#\/schema\/logo\/image\/"}}]}},"_links":{"self":[{"href":"https:\/\/www.framunretols.com\/ca\/wp-json\/wp\/v2\/pages\/2770","targetHints":{"allow":["GET"]}}],"collection":[{"href":"https:\/\/www.framunretols.com\/ca\/wp-json\/wp\/v2\/pages"}],"about":[{"href":"https:\/\/www.framunretols.com\/ca\/wp-json\/wp\/v2\/types\/page"}],"author":[{"embeddable":true,"href":"https:\/\/www.framunretols.com\/ca\/wp-json\/wp\/v2\/users\/1"}],"replies":[{"embeddable":true,"href":"https:\/\/www.framunretols.com\/ca\/wp-json\/wp\/v2\/comments?post=2770"}],"version-history":[{"count":18,"href":"https:\/\/www.framunretols.com\/ca\/wp-json\/wp\/v2\/pages\/2770\/revisions"}],"predecessor-version":[{"id":9540,"href":"https:\/\/www.framunretols.com\/ca\/wp-json\/wp\/v2\/pages\/2770\/revisions\/9540"}],"wp:attachment":[{"href":"https:\/\/www.framunretols.com\/ca\/wp-json\/wp\/v2\/media?parent=2770"}],"curies":[{"name":"wp","href":"https:\/\/api.w.org\/{rel}","templated":true}]}}