{"id":8606,"date":"2021-07-08T14:49:36","date_gmt":"2021-07-08T14:49:36","guid":{"rendered":"https:\/\/www.framunretols.com\/?page_id=8606"},"modified":"2021-11-04T08:35:04","modified_gmt":"2021-11-04T08:35:04","slug":"avis-legal","status":"publish","type":"page","link":"https:\/\/www.framunretols.com\/ca\/avis-legal\/","title":{"rendered":"Av\u00eds Legal"},"content":{"rendered":"<p>[vc_row][vc_column][vc_column_text]<\/p>\n<p>En compliment de la Llei 34\/2002, d\u201911 de juliol, de Serveis de la Societat de la Informaci\u00f3 i de Comer\u00e7 electr\u00f2nic, s\u2019informa l\u2019Usuari que el titular de la p\u00e0gina web www.framunretols.com \u00e9s de\u00a0<strong>FRAMUN, S.A.<\/strong> i les seves dades d\u2019identificaci\u00f3 s\u00f3n:<br \/>\nDomicili: Ctra. de Vic, Km. 2,6 &#8211; Apdo. Correos, 11<br \/>\nCP: 08243 Poblaci\u00f3: Manresa Prov\u00edncia: Barcelona<br \/>\nNIF: <strong>ESA08843799<\/strong><\/p>\n<p>&nbsp;<\/p>\n<ol>\n<li>Accedir a la p\u00e0gina web<\/li>\n<\/ol>\n<p>L\u2019av\u00eds legal regula l\u2019acc\u00e9s i \u00fas dels Usuaris a la p\u00e0gina web i t\u00e9 per objecte donar a con\u00e8ixer els productes de l\u2019entitat i permetre l\u2019acc\u00e9s general de tots els usuaris d\u2019Internet.<br \/>\nL\u2019acc\u00e9s i \/ o \u00fas de la Web atribueix a qui ho realitza la condici\u00f3 d\u2019usuari i l\u2019acceptaci\u00f3, sense reserves de cap classe, de totes i cadascuna de les presents condicions generals, aix\u00ed com d\u2019aquelles altres particulars que, si escau, regeixin la utilitzaci\u00f3 del Portal o dels serveis vinculats al mateix.<br \/>\nL\u2019usuari ha de llegir atentament l\u2019Av\u00eds Legal i les pol\u00edtiques de privacitat i de Cookies quan es proposi utilitzar la p\u00e0gina web, ja que\u00a0<strong>FRAMUN RETOLS<\/strong>\u00a0es reserva la facultat de realitzar, en qualsevol moment i sense necessitat de cap preav\u00eds, qualsevol modificaci\u00f3 o actualitzaci\u00f3 dels continguts i serveis, de les presents disposicions d\u2019acc\u00e9s i \u00fas i, en general, de quants elements integrin el disseny i configuraci\u00f3 de la seva web. Si no accepta les condicions d\u2019acc\u00e9s i \u00fas, li preguem que s\u2019abstingui d\u2019utilitzar el Web i el seu contingut.<\/p>\n<ol start=\"2\">\n<li>Utilitzaci\u00f3 de la p\u00e0gina web<\/li>\n<\/ol>\n<p>L\u2019Usuari es compromet a fer un \u00fas diligent de la p\u00e0gina web, aix\u00ed com de la informaci\u00f3 relativa als seus serveis i activitats, amb total subjecci\u00f3 tant a la normativa aplicable, aix\u00ed com amb la moral i els bons costums generalment acceptats i l\u2019ordre p\u00fablic, les condicions d\u2019acc\u00e9s i \u00fas i qualssevol altres condicions establertes a la p\u00e0gina web.<br \/>\nA m\u00e9s, es compromet a abstenir-se d\u2019utilitzar qualsevol dels continguts amb finalitats o efectes il\u00b7l\u00edcits, prohibits en el present text, lesius dels drets i interessos de tercers, o que de qualsevol forma puguin danyar, inutilitzar, sobrecarregar, deteriorar o impedir la normal utilitzaci\u00f3 dels continguts, altres Usuaris o de qualsevol usuari d\u2019Internet (hardware i software).<\/p>\n<ol start=\"3\">\n<li>Funcionament de la p\u00e0gina web<\/li>\n<\/ol>\n<p>En cas d\u2019incompliment de les condicions de l\u2019Av\u00eds Legal, o les pol\u00edtiques de privacitat i galetes,\u00a0<strong>FRAMUN RETOLS<\/strong>\u00a0 es reserva el dret a limitar, suspendre i\/o excloure l\u2019acc\u00e9s a la seva p\u00e0gina web, adoptant qualsevol mesura t\u00e8cnica necess\u00e0ria al seu respecte.\u00a0<strong>FRAMUN RETOLS<\/strong>\u00a0 far\u00e0 el possible per mantenir la p\u00e0gina web en bon funcionament, evitant errors, o b\u00e9 reparant-los i mantenint els continguts actualitzats. Ara b\u00e9, <strong>FRAMUN RETOLS<\/strong>\u00a0\u00a0no garanteix la disponibilitat i continu\u00eftat en l\u2019acc\u00e9s a la p\u00e0gina web ni la inexist\u00e8ncia d\u2019errors en el contingut.<\/p>\n<ol start=\"4\">\n<li>Responsabilitat<\/li>\n<\/ol>\n<p>L\u2019Usuari \u00e9s l\u2019\u00fanic responsable de l\u2019\u00fas que es pugui fer de qualsevol informaci\u00f3 o mecanisme de la p\u00e0gina web.<br \/>\n<strong>FRAMUN RETOLS<\/strong>\u00a0 no es far\u00e0 responsable de cap dany en el maquinari i\/o programari de l\u2019Usuari que es derivi de l\u2019acc\u00e9s i \u00fas de la p\u00e0gina web. Aix\u00ed mateix, tampoc es responsabilitzar\u00e0 d\u2019aquests danys i\/o perjudicis que es puguin ocasionar per l\u2019acc\u00e9s i \/ o \u00fas de la informaci\u00f3 de la p\u00e0gina web, i en concret dels que es puguin produir en sistemes inform\u00e0tics o els provocats per virus \/ o atacs inform\u00e0tics, caigudes, interrupcions abs\u00e8ncia o defecte en les comunicacions i\/o Internet.<br \/>\nL\u2019Usuari ser\u00e0 responsable dels danys i\/o perjudicis que\u00a0<strong>FRAMUN RETOLS<\/strong>\u00a0 pugui patir com a conseq\u00fc\u00e8ncia de l\u2019incompliment de qualsevol dels obligacions a qu\u00e8 queda sotm\u00e8s a trav\u00e9s del present Av\u00eds Legal, la normativa aplicable i Pol\u00edtica de Privacitat i de Cookies.<\/p>\n<ol start=\"5\">\n<li>Pol\u00edtica en mat\u00e8ria de \u201cLinks\u201d (Web enlla\u00e7ant i enlla\u00e7ada)<\/li>\n<\/ol>\n<ul>\n<li><strong>Web enlla\u00e7ant<\/strong><br \/>\nEls tercers que tinguin la intenci\u00f3 d\u2019incloure en una p\u00e0gina web un enlla\u00e7 de la present p\u00e0gina hauran de complir amb la legislaci\u00f3 vigent i no podran allotjar continguts que siguin inapropiats, il\u00b7l\u00edcits, pornogr\u00e0fics, violents, etc.<\/li>\n<\/ul>\n<p>En cap cas\u00a0<strong>FRAMUN RETOLS<\/strong>\u00a0 es fa responsable del contingut de la p\u00e0gina web, ni promou, garanteix, supervisa ni recomana els continguts d\u2019aquesta.<\/p>\n<p>Si la web enlla\u00e7ant incompleix algun dels aspectes anteriors, estar\u00e0 obligat a suprimir l\u2019enlla\u00e7 de manera immediata.<\/p>\n<ul>\n<li><strong>Web enlla\u00e7ada<\/strong><br \/>\nEn aquesta p\u00e0gina web es poden incloure enlla\u00e7os de p\u00e0gines web de tercers que permetin a l\u2019Usuari accedir. No obstant aix\u00f2,\u00a0<strong>FRAMUN RETOLS<\/strong> no es fa responsable del contingut d\u2019aquestes p\u00e0gines web enlla\u00e7ades, sin\u00f3 que ser\u00e0 l\u2019Usuari l\u2019encarregat d\u2019acceptar i comprovar els accessos cada vegada que accedeixi.<br \/>\nTals enlla\u00e7os o mencions tenen una finalitat que no impliquen el suport, l\u2019aprovaci\u00f3, comercialitzaci\u00f3 o relaci\u00f3 entre la p\u00e0gina i les persones o entitats titulars dels llocs on es trobin.<\/li>\n<\/ul>\n<ol start=\"6\">\n<li>Propietat Intel\u00b7lectual i Industrial sobre els continguts<\/li>\n<\/ol>\n<p><strong>FRAMUN RETOLS<\/strong>\u00a0 o els seus llicenciats, s\u00f3n titulars de tots els drets de propietat intel\u00b7lectual sobre els continguts de la p\u00e0gina web, entenent com a tal tots els dissenys, bases de dades, programes d\u2019ordinadors subjacents (codi font, incl\u00f2s), aix\u00ed com els diferents elements que integren la p\u00e0gina web (textos, gr\u00e0fics, fotografies, v\u00eddeos, colors, etc.), estructura, ordre, etc. En relaci\u00f3 a les marques i noms comercials (\u201csignes distintius\u201d) s\u00f3n titularitat de <strong>FRAMUN RETOLS<\/strong>\u00a0 o els llicenciats.<br \/>\nL\u2019\u00fas de la p\u00e0gina web per part de l\u2019Usuari no suposa la cessi\u00f3 de cap dret de propietat intel\u00b7lectual ni industrial. L\u2019Usuari t\u00e9 totalment prohibit reproduir, copiar, distribuir, posar a disposici\u00f3 o de qualsevol altra forma de comunicar p\u00fablicament, transformar o modificar els Continguts o els Signes distintius, llevat que es compti amb l\u2019autoritzaci\u00f3 del titular dels corresponents drets o aix\u00f2 resulti legalment perm\u00e8s.<\/p>\n<ol start=\"7\">\n<li>Legislaci\u00f3 aplicable<\/li>\n<\/ol>\n<p>L\u2019Av\u00eds Legal es regir\u00e0 i interpretar\u00e0 de conformitat amb la legislaci\u00f3 espanyola.<br \/>\nPer a la resoluci\u00f3 de qualsevol conflicte que pogu\u00e9s derivar de l\u2019acc\u00e9s al lloc web, se sotmetran als jutjats o tribunals pertinents de conformitat amb la normativa de consumidors i usuaris.<\/p>\n<ol start=\"8\">\n<li>Contacte<\/li>\n<\/ol>\n<p>Per a qualsevol pregunta o comentari sobre el present av\u00eds legal us podeu posar en contacte amb nosaltres a trav\u00e9s del correu electr\u00f2nic\u00a0<strong>framun@framun.com<\/strong>[\/vc_column_text][\/vc_column][\/vc_row]<\/p>\n","protected":false},"excerpt":{"rendered":"<p>[vc_row][vc_column][vc_column_text] En compliment de la Llei 34\/2002, d\u201911 de juliol, de Serveis de la Societat de la Informaci\u00f3 i de Comer\u00e7 electr\u00f2nic, s\u2019informa l\u2019Usuari que el titular de la p\u00e0gina web www.framunretols.com \u00e9s de\u00a0FRAMUN, S.A. i les seves dades d\u2019identificaci\u00f3 s\u00f3n: Domicili: Ctra. de Vic,&#8230;<\/p>\n","protected":false},"author":1,"featured_media":0,"parent":0,"menu_order":0,"comment_status":"closed","ping_status":"closed","template":"","meta":{"footnotes":""},"class_list":["post-8606","page","type-page","status-publish","hentry"],"yoast_head":"<!-- This site is optimized with the Yoast SEO plugin v27.2 - https:\/\/yoast.com\/product\/yoast-seo-wordpress\/ -->\n<title>Av\u00eds Legal \u00b7 Framun R\u00e8tols \u00b7 Retolaci\u00f3, segells de goma i marcatge<\/title>\n<meta name=\"description\" content=\"Empresa especialitzada en retolaci\u00f3, segells de goma i marcatge en general, des de l\u2019any 1908 creada des de FRAMUN, S.A.\" \/>\n<meta name=\"robots\" content=\"index, follow, max-snippet:-1, max-image-preview:large, max-video-preview:-1\" \/>\n<link rel=\"canonical\" href=\"https:\/\/www.framunretols.com\/ca\/avis-legal\/\" \/>\n<meta property=\"og:locale\" content=\"ca_ES\" \/>\n<meta property=\"og:type\" content=\"article\" \/>\n<meta property=\"og:title\" content=\"Av\u00eds Legal \u00b7 Framun R\u00e8tols \u00b7 Retolaci\u00f3, segells de goma i marcatge\" \/>\n<meta property=\"og:description\" content=\"Empresa especialitzada en retolaci\u00f3, segells de goma i marcatge en general, des de l\u2019any 1908 creada des de FRAMUN, S.A.\" \/>\n<meta property=\"og:url\" content=\"https:\/\/www.framunretols.com\/ca\/avis-legal\/\" \/>\n<meta property=\"og:site_name\" content=\"Framun R\u00e8tols \u00b7 Retolaci\u00f3, segells de goma i marcatge\" \/>\n<meta property=\"article:modified_time\" content=\"2021-11-04T08:35:04+00:00\" \/>\n<meta name=\"twitter:card\" content=\"summary_large_image\" \/>\n<meta name=\"twitter:label1\" content=\"Temps estimat de lectura\" \/>\n\t<meta name=\"twitter:data1\" content=\"6 minuts\" \/>\n<script type=\"application\/ld+json\" class=\"yoast-schema-graph\">{\"@context\":\"https:\/\/schema.org\",\"@graph\":[{\"@type\":\"WebPage\",\"@id\":\"https:\/\/www.framunretols.com\/ca\/avis-legal\/\",\"url\":\"https:\/\/www.framunretols.com\/ca\/avis-legal\/\",\"name\":\"Av\u00eds Legal \u00b7 Framun R\u00e8tols \u00b7 Retolaci\u00f3, segells de goma i marcatge\",\"isPartOf\":{\"@id\":\"https:\/\/www.framunretols.com\/ca\/#website\"},\"datePublished\":\"2021-07-08T14:49:36+00:00\",\"dateModified\":\"2021-11-04T08:35:04+00:00\",\"description\":\"Empresa especialitzada en retolaci\u00f3, segells de goma i marcatge en general, des de l\u2019any 1908 creada des de FRAMUN, S.A.\",\"breadcrumb\":{\"@id\":\"https:\/\/www.framunretols.com\/ca\/avis-legal\/#breadcrumb\"},\"inLanguage\":\"ca\",\"potentialAction\":[{\"@type\":\"ReadAction\",\"target\":[\"https:\/\/www.framunretols.com\/ca\/avis-legal\/\"]}]},{\"@type\":\"BreadcrumbList\",\"@id\":\"https:\/\/www.framunretols.com\/ca\/avis-legal\/#breadcrumb\",\"itemListElement\":[{\"@type\":\"ListItem\",\"position\":1,\"name\":\"Inici\",\"item\":\"https:\/\/www.framunretols.com\/ca\/\"},{\"@type\":\"ListItem\",\"position\":2,\"name\":\"Av\u00eds Legal\"}]},{\"@type\":\"WebSite\",\"@id\":\"https:\/\/www.framunretols.com\/ca\/#website\",\"url\":\"https:\/\/www.framunretols.com\/ca\/\",\"name\":\"Framun R\u00e8tols \u00b7 Retolaci\u00f3, segells de goma i marcatge\",\"description\":\"Empresa especialitzada en retolaci\u00f3, segells de goma i marcatge en general, des de l\u2019any 1908 creada des de FRAMUN, S.A.\",\"publisher\":{\"@id\":\"https:\/\/www.framunretols.com\/ca\/#organization\"},\"potentialAction\":[{\"@type\":\"SearchAction\",\"target\":{\"@type\":\"EntryPoint\",\"urlTemplate\":\"https:\/\/www.framunretols.com\/ca\/?s={search_term_string}\"},\"query-input\":{\"@type\":\"PropertyValueSpecification\",\"valueRequired\":true,\"valueName\":\"search_term_string\"}}],\"inLanguage\":\"ca\"},{\"@type\":\"Organization\",\"@id\":\"https:\/\/www.framunretols.com\/ca\/#organization\",\"name\":\"Framun R\u00e8tols \u00b7 Retolaci\u00f3, segells de goma i marcatge\",\"url\":\"https:\/\/www.framunretols.com\/ca\/\",\"logo\":{\"@type\":\"ImageObject\",\"inLanguage\":\"ca\",\"@id\":\"https:\/\/www.framunretols.com\/ca\/#\/schema\/logo\/image\/\",\"url\":\"https:\/\/www.framunretols.com\/wp-content\/uploads\/2021\/07\/logo.png\",\"contentUrl\":\"https:\/\/www.framunretols.com\/wp-content\/uploads\/2021\/07\/logo.png\",\"width\":259,\"height\":68,\"caption\":\"Framun R\u00e8tols \u00b7 Retolaci\u00f3, segells de goma i marcatge\"},\"image\":{\"@id\":\"https:\/\/www.framunretols.com\/ca\/#\/schema\/logo\/image\/\"}}]}<\/script>\n<!-- \/ Yoast SEO plugin. -->","yoast_head_json":{"title":"Av\u00eds Legal \u00b7 Framun R\u00e8tols \u00b7 Retolaci\u00f3, segells de goma i marcatge","description":"Empresa especialitzada en retolaci\u00f3, segells de goma i marcatge en general, des de l\u2019any 1908 creada des de FRAMUN, S.A.","robots":{"index":"index","follow":"follow","max-snippet":"max-snippet:-1","max-image-preview":"max-image-preview:large","max-video-preview":"max-video-preview:-1"},"canonical":"https:\/\/www.framunretols.com\/ca\/avis-legal\/","og_locale":"ca_ES","og_type":"article","og_title":"Av\u00eds Legal \u00b7 Framun R\u00e8tols \u00b7 Retolaci\u00f3, segells de goma i marcatge","og_description":"Empresa especialitzada en retolaci\u00f3, segells de goma i marcatge en general, des de l\u2019any 1908 creada des de FRAMUN, S.A.","og_url":"https:\/\/www.framunretols.com\/ca\/avis-legal\/","og_site_name":"Framun R\u00e8tols \u00b7 Retolaci\u00f3, segells de goma i marcatge","article_modified_time":"2021-11-04T08:35:04+00:00","twitter_card":"summary_large_image","twitter_misc":{"Temps estimat de lectura":"6 minuts"},"schema":{"@context":"https:\/\/schema.org","@graph":[{"@type":"WebPage","@id":"https:\/\/www.framunretols.com\/ca\/avis-legal\/","url":"https:\/\/www.framunretols.com\/ca\/avis-legal\/","name":"Av\u00eds Legal \u00b7 Framun R\u00e8tols \u00b7 Retolaci\u00f3, segells de goma i marcatge","isPartOf":{"@id":"https:\/\/www.framunretols.com\/ca\/#website"},"datePublished":"2021-07-08T14:49:36+00:00","dateModified":"2021-11-04T08:35:04+00:00","description":"Empresa especialitzada en retolaci\u00f3, segells de goma i marcatge en general, des de l\u2019any 1908 creada des de FRAMUN, S.A.","breadcrumb":{"@id":"https:\/\/www.framunretols.com\/ca\/avis-legal\/#breadcrumb"},"inLanguage":"ca","potentialAction":[{"@type":"ReadAction","target":["https:\/\/www.framunretols.com\/ca\/avis-legal\/"]}]},{"@type":"BreadcrumbList","@id":"https:\/\/www.framunretols.com\/ca\/avis-legal\/#breadcrumb","itemListElement":[{"@type":"ListItem","position":1,"name":"Inici","item":"https:\/\/www.framunretols.com\/ca\/"},{"@type":"ListItem","position":2,"name":"Av\u00eds Legal"}]},{"@type":"WebSite","@id":"https:\/\/www.framunretols.com\/ca\/#website","url":"https:\/\/www.framunretols.com\/ca\/","name":"Framun R\u00e8tols \u00b7 Retolaci\u00f3, segells de goma i marcatge","description":"Empresa especialitzada en retolaci\u00f3, segells de goma i marcatge en general, des de l\u2019any 1908 creada des de FRAMUN, S.A.","publisher":{"@id":"https:\/\/www.framunretols.com\/ca\/#organization"},"potentialAction":[{"@type":"SearchAction","target":{"@type":"EntryPoint","urlTemplate":"https:\/\/www.framunretols.com\/ca\/?s={search_term_string}"},"query-input":{"@type":"PropertyValueSpecification","valueRequired":true,"valueName":"search_term_string"}}],"inLanguage":"ca"},{"@type":"Organization","@id":"https:\/\/www.framunretols.com\/ca\/#organization","name":"Framun R\u00e8tols \u00b7 Retolaci\u00f3, segells de goma i marcatge","url":"https:\/\/www.framunretols.com\/ca\/","logo":{"@type":"ImageObject","inLanguage":"ca","@id":"https:\/\/www.framunretols.com\/ca\/#\/schema\/logo\/image\/","url":"https:\/\/www.framunretols.com\/wp-content\/uploads\/2021\/07\/logo.png","contentUrl":"https:\/\/www.framunretols.com\/wp-content\/uploads\/2021\/07\/logo.png","width":259,"height":68,"caption":"Framun R\u00e8tols \u00b7 Retolaci\u00f3, segells de goma i marcatge"},"image":{"@id":"https:\/\/www.framunretols.com\/ca\/#\/schema\/logo\/image\/"}}]}},"_links":{"self":[{"href":"https:\/\/www.framunretols.com\/ca\/wp-json\/wp\/v2\/pages\/8606","targetHints":{"allow":["GET"]}}],"collection":[{"href":"https:\/\/www.framunretols.com\/ca\/wp-json\/wp\/v2\/pages"}],"about":[{"href":"https:\/\/www.framunretols.com\/ca\/wp-json\/wp\/v2\/types\/page"}],"author":[{"embeddable":true,"href":"https:\/\/www.framunretols.com\/ca\/wp-json\/wp\/v2\/users\/1"}],"replies":[{"embeddable":true,"href":"https:\/\/www.framunretols.com\/ca\/wp-json\/wp\/v2\/comments?post=8606"}],"version-history":[{"count":11,"href":"https:\/\/www.framunretols.com\/ca\/wp-json\/wp\/v2\/pages\/8606\/revisions"}],"predecessor-version":[{"id":8794,"href":"https:\/\/www.framunretols.com\/ca\/wp-json\/wp\/v2\/pages\/8606\/revisions\/8794"}],"wp:attachment":[{"href":"https:\/\/www.framunretols.com\/ca\/wp-json\/wp\/v2\/media?parent=8606"}],"curies":[{"name":"wp","href":"https:\/\/api.w.org\/{rel}","templated":true}]}}