{"id":8795,"date":"2021-08-06T13:59:22","date_gmt":"2021-08-06T13:59:22","guid":{"rendered":"https:\/\/www.framunretols.com\/?page_id=8795"},"modified":"2021-11-04T09:24:41","modified_gmt":"2021-11-04T09:24:41","slug":"politica-de-privacitat","status":"publish","type":"page","link":"https:\/\/www.framunretols.com\/ca\/politica-de-privacitat\/","title":{"rendered":"Pol\u00edtica de Privacitat"},"content":{"rendered":"<p>[vc_row][vc_column][vc_column_text]De conformitat amb la\u00a0<strong>Llei Org\u00e0nica 3\/2018, del 5 de desembre, de Protecci\u00f3 de Dades Personals i Garanties dels Drets Digitals,<\/strong>\u00a0i del Reglament (UE) 2016\/679, de 27 d\u2019abril de 2016, relatiu a la protecci\u00f3 de les persones f\u00edsiques pel que fa al tractament de dades personals ia la lliure circulaci\u00f3 d\u2019aquestes dades,\u00a0<strong>FRAMUN R\u00c8TOLS<\/strong>\u00a0informa als Usuaris que naveguin i accedeixin al lloc web www.framunretols.com\u00a0sobre els tractaments de dades personals realitzats:<\/p>\n<h3>Responsable<\/h3>\n<p><strong>FRAMUN, S.A. \/\/ <\/strong><strong>ESA08843799<\/strong><\/p>\n<p>Ctra. de Vic, Km. 2,6 &#8211; Apdo. Correos, 11\u00a0 08243 Manresa (Barcelona)<\/p>\n<h3>Finalitat<\/h3>\n<p>Gestionar les dades als quals l\u2019empresa accedeix com a conseq\u00fc\u00e8ncia de la navegaci\u00f3, consulta i \/ o sol\u00b7licitud, aix\u00ed com la contractaci\u00f3 de serveis a trav\u00e9s del lloc web i, si escau enviar comunicacions comercials.<\/p>\n<h3>Legitimaci\u00f3<\/h3>\n<p>Execuci\u00f3 d\u2019un contracte.<\/p>\n<h3>Destinataris<\/h3>\n<p>No es cediran les dades a tercers, excepte obligaci\u00f3 legal.<\/p>\n<h3>Drets<\/h3>\n<p>Accedir, rectificar i suprimir les dades, aix\u00ed com els altres drets regulats al Reglament (UE) 679\/2016 poden ser exercits dirigint-se al seg\u00fcent domicili: Crta. de Vic, Km. 2,6 &#8211; Apdo Correos, 11 08243 Manresa (Barcelona) o a la seg\u00fcent adre\u00e7a de correu electr\u00f2nic I<a href=\"mailto:info@mentaevents.com\"><strong> framun@framun.com<\/strong><\/a><\/p>\n<p>&nbsp;<\/p>\n<h3>Conservaci\u00f3<\/h3>\n<p>En cas que l\u2019usuari nom\u00e9s faci una consulta seves dades no seran utilitzades per cap altre motiu a part de gestionar la resposta.<\/p>\n<p>Abans de l\u2019enviament de qualsevol sol\u00b7licitud d\u2019informaci\u00f3 a trav\u00e9s del correu electr\u00f2nic de contacte d\u2019aquesta p\u00e0gina web, l\u2019usuari ha d\u2019acceptar la pol\u00edtica de privacitat i les condicions d\u2019\u00fas d\u2019aquesta, amb la finalitat de prestar el consentiment expr\u00e9s i informat pel tractament de les dades amb les finalitats indicades.<\/p>\n<p>Les dades personals que l\u2019Usuari facilita\u00a0<strong>FRAMUN R\u00c8TOLS<\/strong>\u00a0 han de ser actuals perqu\u00e8 la informaci\u00f3 dels registres estigui actualitza i sense errors. L\u2019Usuari respondr\u00e0 de la veracitat de les dades facilitades.<\/p>\n<h3>Menors d\u2019edat<\/h3>\n<p>Menors d\u2019edat<\/p>\n<p>Els menors de 18 anys no poden cedir les seves dades personals a\u00a0<strong>FRAMUN R\u00c8TOLS<\/strong>\u00a0 sense el previ consentiment dels seus pares i \/ o tutors legals.<\/p>\n<p>En cas que\u00a0<strong>FRAMUN R\u00c8TOLS<\/strong>\u00a0 detect\u00e9s que l\u2019usuari \u00e9s menor de 18 anys es reserva el dret a sol\u00b7licitar una c\u00f2pia del seu DNI o document d\u2019identitat equivalent, o, si s\u2019escau, l\u2019autoritzaci\u00f3 dels seus pares i \/ o tutors legals, causant baixa en cas de no acreditar el compliment d\u2019aquest requisit o manca de resposta.<\/p>\n<h3>Quines mesures de seguretat t\u00e9 implantada l\u2019empresa?<\/h3>\n<p>&nbsp;<\/p>\n<p><strong>FRAMUN R\u00c8TOLS<\/strong>\u00a0 informa que t\u00e9 implantades les mesures de seguretat d\u2019\u00edndole t\u00e8cnica i organitzatives necess\u00e0ries que garanteixin la seguretat de les dades de car\u00e0cter personal de l\u2019Usuari i evitin la seva alteraci\u00f3, p\u00e8rdua, tractament i \/ o acc\u00e9s no autoritzat d\u2019acord amb l\u2019estat de la tecnologia, la naturalesa de les dades emmagatzemades i els riscos a qu\u00e8 estan exposats, tant si provenen de l\u2019acci\u00f3 humana o del medi f\u00edsic o natural, de conformitat amb el que preveu la normativa vigent.[\/vc_column_text][\/vc_column][\/vc_row]<\/p>\n","protected":false},"excerpt":{"rendered":"<p>[vc_row][vc_column][vc_column_text]De conformitat amb la\u00a0Llei Org\u00e0nica 3\/2018, del 5 de desembre, de Protecci\u00f3 de Dades Personals i Garanties dels Drets Digitals,\u00a0i del Reglament (UE) 2016\/679, de 27 d\u2019abril de 2016, relatiu a la protecci\u00f3 de les persones f\u00edsiques pel que fa al tractament de dades personals&#8230;<\/p>\n","protected":false},"author":1,"featured_media":0,"parent":0,"menu_order":0,"comment_status":"closed","ping_status":"closed","template":"","meta":{"footnotes":""},"class_list":["post-8795","page","type-page","status-publish","hentry"],"yoast_head":"<!-- This site is optimized with the Yoast SEO plugin v27.2 - https:\/\/yoast.com\/product\/yoast-seo-wordpress\/ -->\n<title>Pol\u00edtica de Privacitat \u00b7 Framun R\u00e8tols<\/title>\n<meta name=\"description\" content=\"Empresa especialitzada en retolaci\u00f3, segells de goma i marcatge en general, des de l\u2019any 1908 creada des de FRAMUN, S.A.\" \/>\n<meta name=\"robots\" content=\"index, follow, max-snippet:-1, max-image-preview:large, max-video-preview:-1\" \/>\n<link rel=\"canonical\" href=\"https:\/\/www.framunretols.com\/ca\/politica-de-privacitat\/\" \/>\n<meta property=\"og:locale\" content=\"ca_ES\" \/>\n<meta property=\"og:type\" content=\"article\" \/>\n<meta property=\"og:title\" content=\"Pol\u00edtica de Privacitat \u00b7 Framun R\u00e8tols\" \/>\n<meta property=\"og:description\" content=\"Empresa especialitzada en retolaci\u00f3, segells de goma i marcatge en general, des de l\u2019any 1908 creada des de FRAMUN, S.A.\" \/>\n<meta property=\"og:url\" content=\"https:\/\/www.framunretols.com\/ca\/politica-de-privacitat\/\" \/>\n<meta property=\"og:site_name\" content=\"Framun R\u00e8tols \u00b7 Retolaci\u00f3, segells de goma i marcatge\" \/>\n<meta property=\"article:modified_time\" content=\"2021-11-04T09:24:41+00:00\" \/>\n<meta name=\"twitter:card\" content=\"summary_large_image\" \/>\n<meta name=\"twitter:label1\" content=\"Temps estimat de lectura\" \/>\n\t<meta name=\"twitter:data1\" content=\"3 minuts\" \/>\n<script type=\"application\/ld+json\" class=\"yoast-schema-graph\">{\"@context\":\"https:\/\/schema.org\",\"@graph\":[{\"@type\":\"WebPage\",\"@id\":\"https:\/\/www.framunretols.com\/ca\/politica-de-privacitat\/\",\"url\":\"https:\/\/www.framunretols.com\/ca\/politica-de-privacitat\/\",\"name\":\"Pol\u00edtica de Privacitat \u00b7 Framun R\u00e8tols\",\"isPartOf\":{\"@id\":\"https:\/\/www.framunretols.com\/ca\/#website\"},\"datePublished\":\"2021-08-06T13:59:22+00:00\",\"dateModified\":\"2021-11-04T09:24:41+00:00\",\"description\":\"Empresa especialitzada en retolaci\u00f3, segells de goma i marcatge en general, des de l\u2019any 1908 creada des de FRAMUN, S.A.\",\"breadcrumb\":{\"@id\":\"https:\/\/www.framunretols.com\/ca\/politica-de-privacitat\/#breadcrumb\"},\"inLanguage\":\"ca\",\"potentialAction\":[{\"@type\":\"ReadAction\",\"target\":[\"https:\/\/www.framunretols.com\/ca\/politica-de-privacitat\/\"]}]},{\"@type\":\"BreadcrumbList\",\"@id\":\"https:\/\/www.framunretols.com\/ca\/politica-de-privacitat\/#breadcrumb\",\"itemListElement\":[{\"@type\":\"ListItem\",\"position\":1,\"name\":\"Inici\",\"item\":\"https:\/\/www.framunretols.com\/ca\/\"},{\"@type\":\"ListItem\",\"position\":2,\"name\":\"Pol\u00edtica de Privacitat\"}]},{\"@type\":\"WebSite\",\"@id\":\"https:\/\/www.framunretols.com\/ca\/#website\",\"url\":\"https:\/\/www.framunretols.com\/ca\/\",\"name\":\"Framun R\u00e8tols \u00b7 Retolaci\u00f3, segells de goma i marcatge\",\"description\":\"Empresa especialitzada en retolaci\u00f3, segells de goma i marcatge en general, des de l\u2019any 1908 creada des de FRAMUN, S.A.\",\"publisher\":{\"@id\":\"https:\/\/www.framunretols.com\/ca\/#organization\"},\"potentialAction\":[{\"@type\":\"SearchAction\",\"target\":{\"@type\":\"EntryPoint\",\"urlTemplate\":\"https:\/\/www.framunretols.com\/ca\/?s={search_term_string}\"},\"query-input\":{\"@type\":\"PropertyValueSpecification\",\"valueRequired\":true,\"valueName\":\"search_term_string\"}}],\"inLanguage\":\"ca\"},{\"@type\":\"Organization\",\"@id\":\"https:\/\/www.framunretols.com\/ca\/#organization\",\"name\":\"Framun R\u00e8tols \u00b7 Retolaci\u00f3, segells de goma i marcatge\",\"url\":\"https:\/\/www.framunretols.com\/ca\/\",\"logo\":{\"@type\":\"ImageObject\",\"inLanguage\":\"ca\",\"@id\":\"https:\/\/www.framunretols.com\/ca\/#\/schema\/logo\/image\/\",\"url\":\"https:\/\/www.framunretols.com\/wp-content\/uploads\/2021\/07\/logo.png\",\"contentUrl\":\"https:\/\/www.framunretols.com\/wp-content\/uploads\/2021\/07\/logo.png\",\"width\":259,\"height\":68,\"caption\":\"Framun R\u00e8tols \u00b7 Retolaci\u00f3, segells de goma i marcatge\"},\"image\":{\"@id\":\"https:\/\/www.framunretols.com\/ca\/#\/schema\/logo\/image\/\"}}]}<\/script>\n<!-- \/ Yoast SEO plugin. -->","yoast_head_json":{"title":"Pol\u00edtica de Privacitat \u00b7 Framun R\u00e8tols","description":"Empresa especialitzada en retolaci\u00f3, segells de goma i marcatge en general, des de l\u2019any 1908 creada des de FRAMUN, S.A.","robots":{"index":"index","follow":"follow","max-snippet":"max-snippet:-1","max-image-preview":"max-image-preview:large","max-video-preview":"max-video-preview:-1"},"canonical":"https:\/\/www.framunretols.com\/ca\/politica-de-privacitat\/","og_locale":"ca_ES","og_type":"article","og_title":"Pol\u00edtica de Privacitat \u00b7 Framun R\u00e8tols","og_description":"Empresa especialitzada en retolaci\u00f3, segells de goma i marcatge en general, des de l\u2019any 1908 creada des de FRAMUN, S.A.","og_url":"https:\/\/www.framunretols.com\/ca\/politica-de-privacitat\/","og_site_name":"Framun R\u00e8tols \u00b7 Retolaci\u00f3, segells de goma i marcatge","article_modified_time":"2021-11-04T09:24:41+00:00","twitter_card":"summary_large_image","twitter_misc":{"Temps estimat de lectura":"3 minuts"},"schema":{"@context":"https:\/\/schema.org","@graph":[{"@type":"WebPage","@id":"https:\/\/www.framunretols.com\/ca\/politica-de-privacitat\/","url":"https:\/\/www.framunretols.com\/ca\/politica-de-privacitat\/","name":"Pol\u00edtica de Privacitat \u00b7 Framun R\u00e8tols","isPartOf":{"@id":"https:\/\/www.framunretols.com\/ca\/#website"},"datePublished":"2021-08-06T13:59:22+00:00","dateModified":"2021-11-04T09:24:41+00:00","description":"Empresa especialitzada en retolaci\u00f3, segells de goma i marcatge en general, des de l\u2019any 1908 creada des de FRAMUN, S.A.","breadcrumb":{"@id":"https:\/\/www.framunretols.com\/ca\/politica-de-privacitat\/#breadcrumb"},"inLanguage":"ca","potentialAction":[{"@type":"ReadAction","target":["https:\/\/www.framunretols.com\/ca\/politica-de-privacitat\/"]}]},{"@type":"BreadcrumbList","@id":"https:\/\/www.framunretols.com\/ca\/politica-de-privacitat\/#breadcrumb","itemListElement":[{"@type":"ListItem","position":1,"name":"Inici","item":"https:\/\/www.framunretols.com\/ca\/"},{"@type":"ListItem","position":2,"name":"Pol\u00edtica de Privacitat"}]},{"@type":"WebSite","@id":"https:\/\/www.framunretols.com\/ca\/#website","url":"https:\/\/www.framunretols.com\/ca\/","name":"Framun R\u00e8tols \u00b7 Retolaci\u00f3, segells de goma i marcatge","description":"Empresa especialitzada en retolaci\u00f3, segells de goma i marcatge en general, des de l\u2019any 1908 creada des de FRAMUN, S.A.","publisher":{"@id":"https:\/\/www.framunretols.com\/ca\/#organization"},"potentialAction":[{"@type":"SearchAction","target":{"@type":"EntryPoint","urlTemplate":"https:\/\/www.framunretols.com\/ca\/?s={search_term_string}"},"query-input":{"@type":"PropertyValueSpecification","valueRequired":true,"valueName":"search_term_string"}}],"inLanguage":"ca"},{"@type":"Organization","@id":"https:\/\/www.framunretols.com\/ca\/#organization","name":"Framun R\u00e8tols \u00b7 Retolaci\u00f3, segells de goma i marcatge","url":"https:\/\/www.framunretols.com\/ca\/","logo":{"@type":"ImageObject","inLanguage":"ca","@id":"https:\/\/www.framunretols.com\/ca\/#\/schema\/logo\/image\/","url":"https:\/\/www.framunretols.com\/wp-content\/uploads\/2021\/07\/logo.png","contentUrl":"https:\/\/www.framunretols.com\/wp-content\/uploads\/2021\/07\/logo.png","width":259,"height":68,"caption":"Framun R\u00e8tols \u00b7 Retolaci\u00f3, segells de goma i marcatge"},"image":{"@id":"https:\/\/www.framunretols.com\/ca\/#\/schema\/logo\/image\/"}}]}},"_links":{"self":[{"href":"https:\/\/www.framunretols.com\/ca\/wp-json\/wp\/v2\/pages\/8795","targetHints":{"allow":["GET"]}}],"collection":[{"href":"https:\/\/www.framunretols.com\/ca\/wp-json\/wp\/v2\/pages"}],"about":[{"href":"https:\/\/www.framunretols.com\/ca\/wp-json\/wp\/v2\/types\/page"}],"author":[{"embeddable":true,"href":"https:\/\/www.framunretols.com\/ca\/wp-json\/wp\/v2\/users\/1"}],"replies":[{"embeddable":true,"href":"https:\/\/www.framunretols.com\/ca\/wp-json\/wp\/v2\/comments?post=8795"}],"version-history":[{"count":6,"href":"https:\/\/www.framunretols.com\/ca\/wp-json\/wp\/v2\/pages\/8795\/revisions"}],"predecessor-version":[{"id":9564,"href":"https:\/\/www.framunretols.com\/ca\/wp-json\/wp\/v2\/pages\/8795\/revisions\/9564"}],"wp:attachment":[{"href":"https:\/\/www.framunretols.com\/ca\/wp-json\/wp\/v2\/media?parent=8795"}],"curies":[{"name":"wp","href":"https:\/\/api.w.org\/{rel}","templated":true}]}}