{"id":9560,"date":"2021-08-06T13:59:22","date_gmt":"2021-08-06T13:59:22","guid":{"rendered":"https:\/\/www.framunretols.com\/politica-de-privacitat\/"},"modified":"2021-11-04T09:25:15","modified_gmt":"2021-11-04T09:25:15","slug":"politica-de-privacitat","status":"publish","type":"page","link":"https:\/\/www.framunretols.com\/es\/politica-de-privacitat\/","title":{"rendered":"Pol\u00edtica de Privacidad"},"content":{"rendered":"<p>[vc_row][vc_column][vc_column_text]De conformidad con la <strong>Ley Org\u00e1nica 3\/2018, de 5 de diciembre, de Protecci\u00f3n de Datos Personales y Garant\u00edas de los Derechos Digitales, <\/strong>y del Reglamento (UE) 2016\/679, de 27 de abril de 2016, relativo a la protecci\u00f3n de las personas f\u00edsicas en lo que se refiere al tratamiento de datos personales ya la libre circulaci\u00f3n de estos datos,\u00a0<strong>FRAMUN R\u00c8TOLS<\/strong> informa a los Usuarios que naveguen y accedan al sitio web www.framunretols.com sobre los tratamientos de datos personales realizados:<\/p>\n<h3>Responsable<\/h3>\n<p><strong>FRAMUN, S.A. \/\/ <\/strong><strong>ESA08843799<\/strong><\/p>\n<p>Ctra. de Vic, Km. 2,6 &#8211; Apdo. Correos, 11\u00a0 08243 Manresa (Barcelona)<\/p>\n<h3>Finalidad<\/h3>\n<p>Gestionar los datos a los que la empresa accede como consecuencia de la navegaci\u00f3n, consulta y\/o solicitud, as\u00ed como la contrataci\u00f3n de servicios a trav\u00e9s del sitio web y, en su caso, enviar comunicaciones comerciales.<\/p>\n<h3>Legitimaci\u00f3n<\/h3>\n<p>Ejecuci\u00f3n de un contrato.<\/p>\n<h3>Destinatarios<\/h3>\n<p>No se ceder\u00e1n los datos a terceros, salvo obligaci\u00f3n legal.<\/p>\n<h3>Derechos<\/h3>\n<p>Acceder, rectificar y suprimir los datos, as\u00ed como los dem\u00e1s derechos regulados en el Reglamento (UE) 679\/2016 pueden ser ejercidos dirigi\u00e9ndose al siguiente domicilio: Ctra. de Vic, Km. 2,6 &#8211; Apdo. Correos, 11\u00a0 08243 Manresa (Barcelona) o a la seg\u00fcent adre\u00e7a de correu electr\u00f2nic I<a href=\"mailto:info@mentaevents.com\"><strong> framun@framun.com<\/strong><\/a><\/p>\n<p>&nbsp;<\/p>\n<h3>Conservaci\u00f3n<\/h3>\n<p>En caso de que el usuario s\u00f3lo realice una consulta sus datos no ser\u00e1n utilizados por ning\u00fan otro motivo aparte de gestionar la respuesta.<\/p>\n<p>Antes del env\u00edo de cualquier solicitud de informaci\u00f3n a trav\u00e9s del correo electr\u00f3nico de contacto de esta p\u00e1gina web, el usuario debe aceptar la pol\u00edtica de privacidad y las condiciones de uso de la misma, con el fin prestar el consentimiento expreso e informado para el tratamiento de los datos con las finalidades indicadas.<\/p>\n<p>Los datos personales que el Usuario facilita <strong>FRAMUN R\u00c8TOLS<\/strong> deben ser actuales para que la informaci\u00f3n de los registros est\u00e9 actualiza y sin errores. El Usuario responder\u00e1 de la veracidad de los datos facilitados.<\/p>\n<h3>Menores de edad<\/h3>\n<p>Menores de edad<\/p>\n<p>Los menores de 18 a\u00f1os no pueden ceder sus datos personales a <strong>FRAMUN R\u00c8TOLS<\/strong> sin el previo consentimiento de sus padres y\/o tutores legales.<\/p>\n<p>En el caso que <strong>FRAMUN R\u00c8TOLS<\/strong>\u00a0 detectara que el usuario es menor de 18 a\u00f1os se reserva el derecho a solicitar una copia de su DNI o documento de identidad equivalente, o, en su caso, la autorizaci\u00f3n de sus padres y\/o tutores legales, causando baja en caso de no acreditar el cumplimiento de este requisito o carencia de respuesta.<\/p>\n<h3>\u00bfQu\u00e9 medidas de seguridad tiene implantada la empresa?<\/h3>\n<p>&nbsp;<\/p>\n<p><strong>FRAMUN R\u00c8TOLS<\/strong> informa que tiene implantadas las medidas de seguridad de \u00edndole t\u00e9cnica y organizativas necesarias que garanticen la seguridad de los datos de car\u00e1cter personal del Usuario y eviten su alteraci\u00f3n, p\u00e9rdida, tratamiento y\/o acceso no autorizado de acuerdo con el estado de la tecnolog\u00eda, la naturaleza de los datos almacenados y los riesgos a los que est\u00e1n expuestos, provengan de la acci\u00f3n humana o del medio f\u00edsico o natural, de conformidad con lo previsto en la normativa vigente.[\/vc_column_text][\/vc_column][\/vc_row]<\/p>\n","protected":false},"excerpt":{"rendered":"<p>[vc_row][vc_column][vc_column_text]De conformidad con la Ley Org\u00e1nica 3\/2018, de 5 de diciembre, de Protecci\u00f3n de Datos Personales y Garant\u00edas de los Derechos Digitales, y del Reglamento (UE) 2016\/679, de 27 de abril de 2016, relativo a la protecci\u00f3n de las personas f\u00edsicas en lo que se&#8230;<\/p>\n","protected":false},"author":1,"featured_media":0,"parent":0,"menu_order":0,"comment_status":"closed","ping_status":"closed","template":"","meta":{"footnotes":""},"class_list":["post-9560","page","type-page","status-publish","hentry"],"yoast_head":"<!-- This site is optimized with the Yoast SEO plugin v27.2 - https:\/\/yoast.com\/product\/yoast-seo-wordpress\/ -->\n<title>Pol\u00edtica de Privacidad \u00b7 Framun R\u00e8tols<\/title>\n<meta name=\"description\" content=\"Empresa especializada en rotulaci\u00f3n, sellos de goma y marcaje en general, desde el a\u00f1o 1908 creada desde FRAMUN, S.A.\" \/>\n<meta name=\"robots\" content=\"index, follow, max-snippet:-1, max-image-preview:large, max-video-preview:-1\" \/>\n<link rel=\"canonical\" href=\"https:\/\/www.framunretols.com\/es\/politica-de-privacitat\/\" \/>\n<meta property=\"og:locale\" content=\"es_ES\" \/>\n<meta property=\"og:type\" content=\"article\" \/>\n<meta property=\"og:title\" content=\"Pol\u00edtica de Privacidad \u00b7 Framun R\u00e8tols\" \/>\n<meta property=\"og:description\" content=\"Empresa especializada en rotulaci\u00f3n, sellos de goma y marcaje en general, desde el a\u00f1o 1908 creada desde FRAMUN, S.A.\" \/>\n<meta property=\"og:url\" content=\"https:\/\/www.framunretols.com\/es\/politica-de-privacitat\/\" \/>\n<meta property=\"og:site_name\" content=\"Framun R\u00f3tulos \u00b7 Rotulaci\u00f3n, sellos de goma y marcaje\" \/>\n<meta property=\"article:modified_time\" content=\"2021-11-04T09:25:15+00:00\" \/>\n<meta name=\"twitter:card\" content=\"summary_large_image\" \/>\n<meta name=\"twitter:label1\" content=\"Tiempo de lectura\" \/>\n\t<meta name=\"twitter:data1\" content=\"3 minutos\" \/>\n<script type=\"application\/ld+json\" class=\"yoast-schema-graph\">{\"@context\":\"https:\/\/schema.org\",\"@graph\":[{\"@type\":\"WebPage\",\"@id\":\"https:\/\/www.framunretols.com\/es\/politica-de-privacitat\/\",\"url\":\"https:\/\/www.framunretols.com\/es\/politica-de-privacitat\/\",\"name\":\"Pol\u00edtica de Privacidad \u00b7 Framun R\u00e8tols\",\"isPartOf\":{\"@id\":\"https:\/\/www.framunretols.com\/es\/#website\"},\"datePublished\":\"2021-08-06T13:59:22+00:00\",\"dateModified\":\"2021-11-04T09:25:15+00:00\",\"description\":\"Empresa especializada en rotulaci\u00f3n, sellos de goma y marcaje en general, desde el a\u00f1o 1908 creada desde FRAMUN, S.A.\",\"breadcrumb\":{\"@id\":\"https:\/\/www.framunretols.com\/es\/politica-de-privacitat\/#breadcrumb\"},\"inLanguage\":\"es\",\"potentialAction\":[{\"@type\":\"ReadAction\",\"target\":[\"https:\/\/www.framunretols.com\/es\/politica-de-privacitat\/\"]}]},{\"@type\":\"BreadcrumbList\",\"@id\":\"https:\/\/www.framunretols.com\/es\/politica-de-privacitat\/#breadcrumb\",\"itemListElement\":[{\"@type\":\"ListItem\",\"position\":1,\"name\":\"Inici\",\"item\":\"https:\/\/www.framunretols.com\/es\/framun-retols-manresa\/\"},{\"@type\":\"ListItem\",\"position\":2,\"name\":\"Pol\u00edtica de Privacidad\"}]},{\"@type\":\"WebSite\",\"@id\":\"https:\/\/www.framunretols.com\/es\/#website\",\"url\":\"https:\/\/www.framunretols.com\/es\/\",\"name\":\"Framun R\u00f3tulos \u00b7 Rotulaci\u00f3n, sellos de goma y marcaje\",\"description\":\"Empresa especializada en rotulaci\u00f3n, sellos de goma y marcaje en general, desde el a\u00f1o 1908 creada desde FRAMUN, S.A.\",\"publisher\":{\"@id\":\"https:\/\/www.framunretols.com\/es\/#organization\"},\"potentialAction\":[{\"@type\":\"SearchAction\",\"target\":{\"@type\":\"EntryPoint\",\"urlTemplate\":\"https:\/\/www.framunretols.com\/es\/?s={search_term_string}\"},\"query-input\":{\"@type\":\"PropertyValueSpecification\",\"valueRequired\":true,\"valueName\":\"search_term_string\"}}],\"inLanguage\":\"es\"},{\"@type\":\"Organization\",\"@id\":\"https:\/\/www.framunretols.com\/es\/#organization\",\"name\":\"Framun R\u00e8tols \u00b7 Retolaci\u00f3, segells de goma i marcatge\",\"url\":\"https:\/\/www.framunretols.com\/es\/\",\"logo\":{\"@type\":\"ImageObject\",\"inLanguage\":\"es\",\"@id\":\"https:\/\/www.framunretols.com\/es\/#\/schema\/logo\/image\/\",\"url\":\"https:\/\/www.framunretols.com\/wp-content\/uploads\/2021\/07\/logo.png\",\"contentUrl\":\"https:\/\/www.framunretols.com\/wp-content\/uploads\/2021\/07\/logo.png\",\"width\":259,\"height\":68,\"caption\":\"Framun R\u00e8tols \u00b7 Retolaci\u00f3, segells de goma i marcatge\"},\"image\":{\"@id\":\"https:\/\/www.framunretols.com\/es\/#\/schema\/logo\/image\/\"}}]}<\/script>\n<!-- \/ Yoast SEO plugin. -->","yoast_head_json":{"title":"Pol\u00edtica de Privacidad \u00b7 Framun R\u00e8tols","description":"Empresa especializada en rotulaci\u00f3n, sellos de goma y marcaje en general, desde el a\u00f1o 1908 creada desde FRAMUN, S.A.","robots":{"index":"index","follow":"follow","max-snippet":"max-snippet:-1","max-image-preview":"max-image-preview:large","max-video-preview":"max-video-preview:-1"},"canonical":"https:\/\/www.framunretols.com\/es\/politica-de-privacitat\/","og_locale":"es_ES","og_type":"article","og_title":"Pol\u00edtica de Privacidad \u00b7 Framun R\u00e8tols","og_description":"Empresa especializada en rotulaci\u00f3n, sellos de goma y marcaje en general, desde el a\u00f1o 1908 creada desde FRAMUN, S.A.","og_url":"https:\/\/www.framunretols.com\/es\/politica-de-privacitat\/","og_site_name":"Framun R\u00f3tulos \u00b7 Rotulaci\u00f3n, sellos de goma y marcaje","article_modified_time":"2021-11-04T09:25:15+00:00","twitter_card":"summary_large_image","twitter_misc":{"Tiempo de lectura":"3 minutos"},"schema":{"@context":"https:\/\/schema.org","@graph":[{"@type":"WebPage","@id":"https:\/\/www.framunretols.com\/es\/politica-de-privacitat\/","url":"https:\/\/www.framunretols.com\/es\/politica-de-privacitat\/","name":"Pol\u00edtica de Privacidad \u00b7 Framun R\u00e8tols","isPartOf":{"@id":"https:\/\/www.framunretols.com\/es\/#website"},"datePublished":"2021-08-06T13:59:22+00:00","dateModified":"2021-11-04T09:25:15+00:00","description":"Empresa especializada en rotulaci\u00f3n, sellos de goma y marcaje en general, desde el a\u00f1o 1908 creada desde FRAMUN, S.A.","breadcrumb":{"@id":"https:\/\/www.framunretols.com\/es\/politica-de-privacitat\/#breadcrumb"},"inLanguage":"es","potentialAction":[{"@type":"ReadAction","target":["https:\/\/www.framunretols.com\/es\/politica-de-privacitat\/"]}]},{"@type":"BreadcrumbList","@id":"https:\/\/www.framunretols.com\/es\/politica-de-privacitat\/#breadcrumb","itemListElement":[{"@type":"ListItem","position":1,"name":"Inici","item":"https:\/\/www.framunretols.com\/es\/framun-retols-manresa\/"},{"@type":"ListItem","position":2,"name":"Pol\u00edtica de Privacidad"}]},{"@type":"WebSite","@id":"https:\/\/www.framunretols.com\/es\/#website","url":"https:\/\/www.framunretols.com\/es\/","name":"Framun R\u00f3tulos \u00b7 Rotulaci\u00f3n, sellos de goma y marcaje","description":"Empresa especializada en rotulaci\u00f3n, sellos de goma y marcaje en general, desde el a\u00f1o 1908 creada desde FRAMUN, S.A.","publisher":{"@id":"https:\/\/www.framunretols.com\/es\/#organization"},"potentialAction":[{"@type":"SearchAction","target":{"@type":"EntryPoint","urlTemplate":"https:\/\/www.framunretols.com\/es\/?s={search_term_string}"},"query-input":{"@type":"PropertyValueSpecification","valueRequired":true,"valueName":"search_term_string"}}],"inLanguage":"es"},{"@type":"Organization","@id":"https:\/\/www.framunretols.com\/es\/#organization","name":"Framun R\u00e8tols \u00b7 Retolaci\u00f3, segells de goma i marcatge","url":"https:\/\/www.framunretols.com\/es\/","logo":{"@type":"ImageObject","inLanguage":"es","@id":"https:\/\/www.framunretols.com\/es\/#\/schema\/logo\/image\/","url":"https:\/\/www.framunretols.com\/wp-content\/uploads\/2021\/07\/logo.png","contentUrl":"https:\/\/www.framunretols.com\/wp-content\/uploads\/2021\/07\/logo.png","width":259,"height":68,"caption":"Framun R\u00e8tols \u00b7 Retolaci\u00f3, segells de goma i marcatge"},"image":{"@id":"https:\/\/www.framunretols.com\/es\/#\/schema\/logo\/image\/"}}]}},"_links":{"self":[{"href":"https:\/\/www.framunretols.com\/es\/wp-json\/wp\/v2\/pages\/9560","targetHints":{"allow":["GET"]}}],"collection":[{"href":"https:\/\/www.framunretols.com\/es\/wp-json\/wp\/v2\/pages"}],"about":[{"href":"https:\/\/www.framunretols.com\/es\/wp-json\/wp\/v2\/types\/page"}],"author":[{"embeddable":true,"href":"https:\/\/www.framunretols.com\/es\/wp-json\/wp\/v2\/users\/1"}],"replies":[{"embeddable":true,"href":"https:\/\/www.framunretols.com\/es\/wp-json\/wp\/v2\/comments?post=9560"}],"version-history":[{"count":3,"href":"https:\/\/www.framunretols.com\/es\/wp-json\/wp\/v2\/pages\/9560\/revisions"}],"predecessor-version":[{"id":9563,"href":"https:\/\/www.framunretols.com\/es\/wp-json\/wp\/v2\/pages\/9560\/revisions\/9563"}],"wp:attachment":[{"href":"https:\/\/www.framunretols.com\/es\/wp-json\/wp\/v2\/media?parent=9560"}],"curies":[{"name":"wp","href":"https:\/\/api.w.org\/{rel}","templated":true}]}}