{"id":9715,"date":"2017-01-16T16:21:20","date_gmt":"2017-01-16T16:21:20","guid":{"rendered":"https:\/\/www.framunretols.com\/framun-retols-blog\/"},"modified":"2021-11-04T10:18:07","modified_gmt":"2021-11-04T10:18:07","slug":"framun-retols-blog","status":"publish","type":"page","link":"https:\/\/www.framunretols.com\/es\/framun-retols-blog\/","title":{"rendered":"Blog"},"content":{"rendered":"","protected":false},"excerpt":{"rendered":"","protected":false},"author":1,"featured_media":0,"parent":0,"menu_order":0,"comment_status":"closed","ping_status":"closed","template":"blog-masonry.php","meta":{"footnotes":""},"class_list":["post-9715","page","type-page","status-publish","hentry"],"yoast_head":"<!-- This site is optimized with the Yoast SEO plugin v27.2 - https:\/\/yoast.com\/product\/yoast-seo-wordpress\/ -->\n<title>Blog \u00b7 Framun R\u00e8tols \u00b7 Rotulaci\u00f3n sellos de goma y marcaje<\/title>\n<meta name=\"description\" content=\"Empresa especializada en rotulaci\u00f3n, sellos de goma y marcaje en general, desde el a\u00f1o 1908 creada desde FRAMUN, S.A.\" \/>\n<meta name=\"robots\" content=\"index, follow, max-snippet:-1, max-image-preview:large, max-video-preview:-1\" \/>\n<link rel=\"canonical\" href=\"https:\/\/www.framunretols.com\/es\/framun-retols-blog\/\" \/>\n<meta property=\"og:locale\" content=\"es_ES\" \/>\n<meta property=\"og:type\" content=\"article\" \/>\n<meta property=\"og:title\" content=\"Blog \u00b7 Framun R\u00e8tols \u00b7 Rotulaci\u00f3n sellos de goma y marcaje\" \/>\n<meta property=\"og:description\" content=\"Empresa especializada en rotulaci\u00f3n, sellos de goma y marcaje en general, desde el a\u00f1o 1908 creada desde FRAMUN, S.A.\" \/>\n<meta property=\"og:url\" content=\"https:\/\/www.framunretols.com\/es\/framun-retols-blog\/\" \/>\n<meta property=\"og:site_name\" content=\"Framun R\u00f3tulos \u00b7 Rotulaci\u00f3n, sellos de goma y marcaje\" \/>\n<meta property=\"article:modified_time\" content=\"2021-11-04T10:18:07+00:00\" \/>\n<meta name=\"twitter:card\" content=\"summary_large_image\" \/>\n<script type=\"application\/ld+json\" class=\"yoast-schema-graph\">{\"@context\":\"https:\/\/schema.org\",\"@graph\":[{\"@type\":\"WebPage\",\"@id\":\"https:\/\/www.framunretols.com\/es\/framun-retols-blog\/\",\"url\":\"https:\/\/www.framunretols.com\/es\/framun-retols-blog\/\",\"name\":\"Blog \u00b7 Framun R\u00e8tols \u00b7 Rotulaci\u00f3n sellos de goma y marcaje\",\"isPartOf\":{\"@id\":\"https:\/\/www.framunretols.com\/es\/#website\"},\"datePublished\":\"2017-01-16T16:21:20+00:00\",\"dateModified\":\"2021-11-04T10:18:07+00:00\",\"description\":\"Empresa especializada en rotulaci\u00f3n, sellos de goma y marcaje en general, desde el a\u00f1o 1908 creada desde FRAMUN, S.A.\",\"breadcrumb\":{\"@id\":\"https:\/\/www.framunretols.com\/es\/framun-retols-blog\/#breadcrumb\"},\"inLanguage\":\"es\",\"potentialAction\":[{\"@type\":\"ReadAction\",\"target\":[\"https:\/\/www.framunretols.com\/es\/framun-retols-blog\/\"]}]},{\"@type\":\"BreadcrumbList\",\"@id\":\"https:\/\/www.framunretols.com\/es\/framun-retols-blog\/#breadcrumb\",\"itemListElement\":[{\"@type\":\"ListItem\",\"position\":1,\"name\":\"Inici\",\"item\":\"https:\/\/www.framunretols.com\/es\/framun-retols-manresa\/\"},{\"@type\":\"ListItem\",\"position\":2,\"name\":\"Blog\"}]},{\"@type\":\"WebSite\",\"@id\":\"https:\/\/www.framunretols.com\/es\/#website\",\"url\":\"https:\/\/www.framunretols.com\/es\/\",\"name\":\"Framun R\u00f3tulos \u00b7 Rotulaci\u00f3n, sellos de goma y marcaje\",\"description\":\"Empresa especializada en rotulaci\u00f3n, sellos de goma y marcaje en general, desde el a\u00f1o 1908 creada desde FRAMUN, S.A.\",\"publisher\":{\"@id\":\"https:\/\/www.framunretols.com\/es\/#organization\"},\"potentialAction\":[{\"@type\":\"SearchAction\",\"target\":{\"@type\":\"EntryPoint\",\"urlTemplate\":\"https:\/\/www.framunretols.com\/es\/?s={search_term_string}\"},\"query-input\":{\"@type\":\"PropertyValueSpecification\",\"valueRequired\":true,\"valueName\":\"search_term_string\"}}],\"inLanguage\":\"es\"},{\"@type\":\"Organization\",\"@id\":\"https:\/\/www.framunretols.com\/es\/#organization\",\"name\":\"Framun R\u00e8tols \u00b7 Retolaci\u00f3, segells de goma i marcatge\",\"url\":\"https:\/\/www.framunretols.com\/es\/\",\"logo\":{\"@type\":\"ImageObject\",\"inLanguage\":\"es\",\"@id\":\"https:\/\/www.framunretols.com\/es\/#\/schema\/logo\/image\/\",\"url\":\"https:\/\/www.framunretols.com\/wp-content\/uploads\/2021\/07\/logo.png\",\"contentUrl\":\"https:\/\/www.framunretols.com\/wp-content\/uploads\/2021\/07\/logo.png\",\"width\":259,\"height\":68,\"caption\":\"Framun R\u00e8tols \u00b7 Retolaci\u00f3, segells de goma i marcatge\"},\"image\":{\"@id\":\"https:\/\/www.framunretols.com\/es\/#\/schema\/logo\/image\/\"}}]}<\/script>\n<!-- \/ Yoast SEO plugin. -->","yoast_head_json":{"title":"Blog \u00b7 Framun R\u00e8tols \u00b7 Rotulaci\u00f3n sellos de goma y marcaje","description":"Empresa especializada en rotulaci\u00f3n, sellos de goma y marcaje en general, desde el a\u00f1o 1908 creada desde FRAMUN, S.A.","robots":{"index":"index","follow":"follow","max-snippet":"max-snippet:-1","max-image-preview":"max-image-preview:large","max-video-preview":"max-video-preview:-1"},"canonical":"https:\/\/www.framunretols.com\/es\/framun-retols-blog\/","og_locale":"es_ES","og_type":"article","og_title":"Blog \u00b7 Framun R\u00e8tols \u00b7 Rotulaci\u00f3n sellos de goma y marcaje","og_description":"Empresa especializada en rotulaci\u00f3n, sellos de goma y marcaje en general, desde el a\u00f1o 1908 creada desde FRAMUN, S.A.","og_url":"https:\/\/www.framunretols.com\/es\/framun-retols-blog\/","og_site_name":"Framun R\u00f3tulos \u00b7 Rotulaci\u00f3n, sellos de goma y marcaje","article_modified_time":"2021-11-04T10:18:07+00:00","twitter_card":"summary_large_image","schema":{"@context":"https:\/\/schema.org","@graph":[{"@type":"WebPage","@id":"https:\/\/www.framunretols.com\/es\/framun-retols-blog\/","url":"https:\/\/www.framunretols.com\/es\/framun-retols-blog\/","name":"Blog \u00b7 Framun R\u00e8tols \u00b7 Rotulaci\u00f3n sellos de goma y marcaje","isPartOf":{"@id":"https:\/\/www.framunretols.com\/es\/#website"},"datePublished":"2017-01-16T16:21:20+00:00","dateModified":"2021-11-04T10:18:07+00:00","description":"Empresa especializada en rotulaci\u00f3n, sellos de goma y marcaje en general, desde el a\u00f1o 1908 creada desde FRAMUN, S.A.","breadcrumb":{"@id":"https:\/\/www.framunretols.com\/es\/framun-retols-blog\/#breadcrumb"},"inLanguage":"es","potentialAction":[{"@type":"ReadAction","target":["https:\/\/www.framunretols.com\/es\/framun-retols-blog\/"]}]},{"@type":"BreadcrumbList","@id":"https:\/\/www.framunretols.com\/es\/framun-retols-blog\/#breadcrumb","itemListElement":[{"@type":"ListItem","position":1,"name":"Inici","item":"https:\/\/www.framunretols.com\/es\/framun-retols-manresa\/"},{"@type":"ListItem","position":2,"name":"Blog"}]},{"@type":"WebSite","@id":"https:\/\/www.framunretols.com\/es\/#website","url":"https:\/\/www.framunretols.com\/es\/","name":"Framun R\u00f3tulos \u00b7 Rotulaci\u00f3n, sellos de goma y marcaje","description":"Empresa especializada en rotulaci\u00f3n, sellos de goma y marcaje en general, desde el a\u00f1o 1908 creada desde FRAMUN, S.A.","publisher":{"@id":"https:\/\/www.framunretols.com\/es\/#organization"},"potentialAction":[{"@type":"SearchAction","target":{"@type":"EntryPoint","urlTemplate":"https:\/\/www.framunretols.com\/es\/?s={search_term_string}"},"query-input":{"@type":"PropertyValueSpecification","valueRequired":true,"valueName":"search_term_string"}}],"inLanguage":"es"},{"@type":"Organization","@id":"https:\/\/www.framunretols.com\/es\/#organization","name":"Framun R\u00e8tols \u00b7 Retolaci\u00f3, segells de goma i marcatge","url":"https:\/\/www.framunretols.com\/es\/","logo":{"@type":"ImageObject","inLanguage":"es","@id":"https:\/\/www.framunretols.com\/es\/#\/schema\/logo\/image\/","url":"https:\/\/www.framunretols.com\/wp-content\/uploads\/2021\/07\/logo.png","contentUrl":"https:\/\/www.framunretols.com\/wp-content\/uploads\/2021\/07\/logo.png","width":259,"height":68,"caption":"Framun R\u00e8tols \u00b7 Retolaci\u00f3, segells de goma i marcatge"},"image":{"@id":"https:\/\/www.framunretols.com\/es\/#\/schema\/logo\/image\/"}}]}},"_links":{"self":[{"href":"https:\/\/www.framunretols.com\/es\/wp-json\/wp\/v2\/pages\/9715","targetHints":{"allow":["GET"]}}],"collection":[{"href":"https:\/\/www.framunretols.com\/es\/wp-json\/wp\/v2\/pages"}],"about":[{"href":"https:\/\/www.framunretols.com\/es\/wp-json\/wp\/v2\/types\/page"}],"author":[{"embeddable":true,"href":"https:\/\/www.framunretols.com\/es\/wp-json\/wp\/v2\/users\/1"}],"replies":[{"embeddable":true,"href":"https:\/\/www.framunretols.com\/es\/wp-json\/wp\/v2\/comments?post=9715"}],"version-history":[{"count":1,"href":"https:\/\/www.framunretols.com\/es\/wp-json\/wp\/v2\/pages\/9715\/revisions"}],"predecessor-version":[{"id":9716,"href":"https:\/\/www.framunretols.com\/es\/wp-json\/wp\/v2\/pages\/9715\/revisions\/9716"}],"wp:attachment":[{"href":"https:\/\/www.framunretols.com\/es\/wp-json\/wp\/v2\/media?parent=9715"}],"curies":[{"name":"wp","href":"https:\/\/api.w.org\/{rel}","templated":true}]}}